{"id":612,"date":"2025-02-01T12:52:00","date_gmt":"2025-02-01T17:52:00","guid":{"rendered":"https:\/\/royalbromont.lithiummarketing.net\/reception\/"},"modified":"2025-12-02T10:50:04","modified_gmt":"2025-12-02T15:50:04","slug":"reception","status":"publish","type":"page","link":"https:\/\/www.cellierduroi.ca\/en\/reception\/","title":{"rendered":"Reception"},"content":{"rendered":"<p><span style=\"font-size: 16px;\"><div class=\"link-visite-virtuelle\"><a target=\"_blank\" href=\"https:\/\/www.hdmedia.fr\/visite-virtuelle\/hd\/cbpNfpFnh-le-royal-bromont.html\"><img decoding=\"async\" width=\"138\" height=\"150\" src=\"https:\/\/www.cellierduroi.ca\/wp-content\/uploads\/2023\/02\/gastronomie_360.png\" class=\"attachment-full size-full\" alt=\"\" \/><span>Virtual visit<\/span><\/a><\/div><\/span><\/p>\n\n\t\t<style type=\"text\/css\">\n\t\t\t#gallery-1 {\n\t\t\t\tmargin: auto;\n\t\t\t}\n\t\t\t#gallery-1 .gallery-item {\n\t\t\t\tfloat: left;\n\t\t\t\tmargin-top: 10px;\n\t\t\t\ttext-align: center;\n\t\t\t\twidth: 33%;\n\t\t\t}\n\t\t\t#gallery-1 img {\n\t\t\t\tborder: 2px solid #cfcfcf;\n\t\t\t}\n\t\t\t#gallery-1 .gallery-caption {\n\t\t\t\tmargin-left: 0;\n\t\t\t}\n\t\t\t\/* see gallery_shortcode() in wp-includes\/media.php *\/\n\t\t<\/style>\n\t\t<div id='gallery-1' class='gallery galleryid-612 gallery-columns-3 gallery-size-large'><dl class='gallery-item'>\n\t\t\t<dt class='gallery-icon landscape'>\n\t\t\t\t<a href='https:\/\/www.cellierduroi.ca\/en\/photos_12_0-1526406979-2\/'><img decoding=\"async\" width=\"600\" height=\"409\" src=\"https:\/\/www.cellierduroi.ca\/wp-content\/uploads\/2023\/02\/photos_12_0-1526406979-e1753450580166.jpg\" class=\"attachment-large size-large\" alt=\"Bar Cellier du Roi\" aria-describedby=\"gallery-1-433\" \/><\/a>\n\t\t\t<\/dt>\n\t\t\t\t<dd class='wp-caption-text gallery-caption' id='gallery-1-433'>\n\t\t\t\tBar Cellier du Roi\n\t\t\t\t<\/dd><\/dl><dl class='gallery-item'>\n\t\t\t<dt class='gallery-icon landscape'>\n\t\t\t\t<a href='https:\/\/www.cellierduroi.ca\/en\/photos_12_0-1526407015-2\/'><img decoding=\"async\" width=\"600\" height=\"409\" src=\"https:\/\/www.cellierduroi.ca\/wp-content\/uploads\/2023\/02\/photos_12_0-1526407015.jpg\" class=\"attachment-large size-large\" alt=\"\" aria-describedby=\"gallery-1-441\" \/><\/a>\n\t\t\t<\/dt>\n\t\t\t\t<dd class='wp-caption-text gallery-caption' id='gallery-1-441'>\n\t\t\t\tSalle Fran\u00e7ois 1er\n\t\t\t\t<\/dd><\/dl><dl class='gallery-item'>\n\t\t\t<dt class='gallery-icon landscape'>\n\t\t\t\t<a href='https:\/\/www.cellierduroi.ca\/en\/photos_12_0-1526407009-2\/'><img decoding=\"async\" width=\"600\" height=\"409\" src=\"https:\/\/www.cellierduroi.ca\/wp-content\/uploads\/2023\/02\/photos_12_0-1526407009.jpg\" class=\"attachment-large size-large\" alt=\"\" aria-describedby=\"gallery-1-439\" \/><\/a>\n\t\t\t<\/dt>\n\t\t\t\t<dd class='wp-caption-text gallery-caption' id='gallery-1-439'>\n\t\t\t\tGolf Royal Bromont\n\t\t\t\t<\/dd><\/dl><br style=\"clear: both\" \/><dl class='gallery-item'>\n\t\t\t<dt class='gallery-icon landscape'>\n\t\t\t\t<a href='https:\/\/www.cellierduroi.ca\/en\/photos_12_0-1526406967-2\/'><img decoding=\"async\" width=\"600\" height=\"409\" src=\"https:\/\/www.cellierduroi.ca\/wp-content\/uploads\/2023\/02\/photos_12_0-1526406967.jpg\" class=\"attachment-large size-large\" alt=\"Salle de r\u00e9ception mariage Bromont\" aria-describedby=\"gallery-1-431\" \/><\/a>\n\t\t\t<\/dt>\n\t\t\t\t<dd class='wp-caption-text gallery-caption' id='gallery-1-431'>\n\t\t\t\tSalle de r\u00e9ception mariage Bromont\n\t\t\t\t<\/dd><\/dl><dl class='gallery-item'>\n\t\t\t<dt class='gallery-icon landscape'>\n\t\t\t\t<a href='https:\/\/www.cellierduroi.ca\/en\/hero-party-bureau-royalbromont-2\/'><img decoding=\"async\" width=\"1024\" height=\"576\" src=\"https:\/\/www.cellierduroi.ca\/wp-content\/uploads\/2025\/09\/hero-party-bureau-royalbromont-1024x576.jpg\" class=\"attachment-large size-large\" alt=\"Party de Bureau Restaurant Bromont Cellier du Roi\" aria-describedby=\"gallery-1-2408\" srcset=\"https:\/\/www.cellierduroi.ca\/wp-content\/uploads\/2025\/09\/hero-party-bureau-royalbromont-1024x576.jpg 1024w, https:\/\/www.cellierduroi.ca\/wp-content\/uploads\/2025\/09\/hero-party-bureau-royalbromont-300x169.jpg 300w, https:\/\/www.cellierduroi.ca\/wp-content\/uploads\/2025\/09\/hero-party-bureau-royalbromont-768x432.jpg 768w, https:\/\/www.cellierduroi.ca\/wp-content\/uploads\/2025\/09\/hero-party-bureau-royalbromont-1536x864.jpg 1536w, https:\/\/www.cellierduroi.ca\/wp-content\/uploads\/2025\/09\/hero-party-bureau-royalbromont-600x338.jpg 600w, https:\/\/www.cellierduroi.ca\/wp-content\/uploads\/2025\/09\/hero-party-bureau-royalbromont.jpg 1920w\" sizes=\"(max-width: 1024px) 100vw, 1024px\" \/><\/a>\n\t\t\t<\/dt>\n\t\t\t\t<dd class='wp-caption-text gallery-caption' id='gallery-1-2408'>\n\t\t\t\tParty de Bureau Restaurant Bromont Cellier du Roi\n\t\t\t\t<\/dd><\/dl><dl class='gallery-item'>\n\t\t\t<dt class='gallery-icon landscape'>\n\t\t\t\t<a href='https:\/\/www.cellierduroi.ca\/en\/reception\/img_7953-2\/'><img decoding=\"async\" width=\"1024\" height=\"683\" src=\"https:\/\/www.cellierduroi.ca\/wp-content\/uploads\/2025\/02\/IMG_7953-1024x683.jpg\" class=\"attachment-large size-large\" alt=\"C\u00e9r\u00e9monie mariage ext\u00e9rieur\" aria-describedby=\"gallery-1-2015\" srcset=\"https:\/\/www.cellierduroi.ca\/wp-content\/uploads\/2025\/02\/IMG_7953-1024x683.jpg 1024w, https:\/\/www.cellierduroi.ca\/wp-content\/uploads\/2025\/02\/IMG_7953-300x200.jpg 300w, https:\/\/www.cellierduroi.ca\/wp-content\/uploads\/2025\/02\/IMG_7953-768x512.jpg 768w, https:\/\/www.cellierduroi.ca\/wp-content\/uploads\/2025\/02\/IMG_7953-1536x1024.jpg 1536w, https:\/\/www.cellierduroi.ca\/wp-content\/uploads\/2025\/02\/IMG_7953-2048x1365.jpg 2048w, https:\/\/www.cellierduroi.ca\/wp-content\/uploads\/2025\/02\/IMG_7953-600x400.jpg 600w, https:\/\/www.cellierduroi.ca\/wp-content\/uploads\/2025\/02\/IMG_7953-scaled.jpg 1620w\" sizes=\"(max-width: 1024px) 100vw, 1024px\" \/><\/a>\n\t\t\t<\/dt>\n\t\t\t\t<dd class='wp-caption-text gallery-caption' id='gallery-1-2015'>\n\t\t\t\tC\u00e9r\u00e9monie mariage ext\u00e9rieur\n\t\t\t\t<\/dd><\/dl><br style=\"clear: both\" \/>\n\t\t<\/div>\n\n<p><strong>For more information about an event at the Cellier du Roi Bromont restaurant<\/strong>, please contact customer service at <a href=\"tel:1-888-281-0017\">1-888-281-0017<\/a> ext. 221 or <a href=\"mailto:golf@royalbromont.com\">golf@royalbromont.com<\/a><\/p>\n","protected":false},"excerpt":{"rendered":"<p>For more information about an event at the Cellier du Roi Bromont restaurant, please contact customer service at 1-888-281-0017 ext. 221 or golf@royalbromont.com<\/p>\n","protected":false},"author":3,"featured_media":426,"parent":0,"menu_order":2,"comment_status":"closed","ping_status":"closed","template":"template-evenement.php","meta":{"_acf_changed":false,"footnotes":""},"class_list":["post-612","page","type-page","status-publish","has-post-thumbnail","hentry"],"acf":[],"aioseo_notices":[],"_links":{"self":[{"href":"https:\/\/www.cellierduroi.ca\/en\/wp-json\/wp\/v2\/pages\/612","targetHints":{"allow":["GET"]}}],"collection":[{"href":"https:\/\/www.cellierduroi.ca\/en\/wp-json\/wp\/v2\/pages"}],"about":[{"href":"https:\/\/www.cellierduroi.ca\/en\/wp-json\/wp\/v2\/types\/page"}],"author":[{"embeddable":true,"href":"https:\/\/www.cellierduroi.ca\/en\/wp-json\/wp\/v2\/users\/3"}],"replies":[{"embeddable":true,"href":"https:\/\/www.cellierduroi.ca\/en\/wp-json\/wp\/v2\/comments?post=612"}],"version-history":[{"count":7,"href":"https:\/\/www.cellierduroi.ca\/en\/wp-json\/wp\/v2\/pages\/612\/revisions"}],"predecessor-version":[{"id":2684,"href":"https:\/\/www.cellierduroi.ca\/en\/wp-json\/wp\/v2\/pages\/612\/revisions\/2684"}],"wp:featuredmedia":[{"embeddable":true,"href":"https:\/\/www.cellierduroi.ca\/en\/wp-json\/wp\/v2\/media\/426"}],"wp:attachment":[{"href":"https:\/\/www.cellierduroi.ca\/en\/wp-json\/wp\/v2\/media?parent=612"}],"curies":[{"name":"wp","href":"https:\/\/api.w.org\/{rel}","templated":true}]}}