{"id":2838,"date":"2026-03-16T15:04:44","date_gmt":"2026-03-16T19:04:44","guid":{"rendered":"https:\/\/www.cellierduroi.ca\/?post_type=product&#038;p=2838"},"modified":"2026-03-16T15:25:35","modified_gmt":"2026-03-16T19:25:35","slug":"souris-dagneau-comme-un-couscous","status":"publish","type":"product","link":"https:\/\/www.cellierduroi.ca\/en\/produit\/souris-dagneau-comme-un-couscous\/","title":{"rendered":"Souris d\u2019agneau comme un couscous"},"content":{"rendered":"","protected":false},"excerpt":{"rendered":"<p><strong>Souris d\u2019agneau comme un couscous &#8211; <\/strong><strong>Souris d\u2019agneau confite, inspir\u00e9e des parfums du couscous et accompagn\u00e9e de l\u00e9gumes et d\u2019\u00e9pices douces. Une cr\u00e9ation chaleureuse, fondante et pleine de soleil.<\/strong><\/p>\n","protected":false},"featured_media":2839,"template":"","meta":{"_acf_changed":false},"product_brand":[],"product_cat":[71,73],"product_tag":[85],"class_list":{"0":"post-2838","1":"product","2":"type-product","3":"status-publish","4":"has-post-thumbnail","6":"product_cat-plats-prepares","7":"product_cat-plats-principaux","8":"product_tag-plats-prepares","10":"first","11":"instock","12":"taxable","13":"shipping-taxable","14":"purchasable","15":"product-type-simple"},"acf":[],"aioseo_notices":[],"_links":{"self":[{"href":"https:\/\/www.cellierduroi.ca\/en\/wp-json\/wp\/v2\/product\/2838","targetHints":{"allow":["GET"]}}],"collection":[{"href":"https:\/\/www.cellierduroi.ca\/en\/wp-json\/wp\/v2\/product"}],"about":[{"href":"https:\/\/www.cellierduroi.ca\/en\/wp-json\/wp\/v2\/types\/product"}],"wp:featuredmedia":[{"embeddable":true,"href":"https:\/\/www.cellierduroi.ca\/en\/wp-json\/wp\/v2\/media\/2839"}],"wp:attachment":[{"href":"https:\/\/www.cellierduroi.ca\/en\/wp-json\/wp\/v2\/media?parent=2838"}],"wp:term":[{"taxonomy":"product_brand","embeddable":true,"href":"https:\/\/www.cellierduroi.ca\/en\/wp-json\/wp\/v2\/product_brand?post=2838"},{"taxonomy":"product_cat","embeddable":true,"href":"https:\/\/www.cellierduroi.ca\/en\/wp-json\/wp\/v2\/product_cat?post=2838"},{"taxonomy":"product_tag","embeddable":true,"href":"https:\/\/www.cellierduroi.ca\/en\/wp-json\/wp\/v2\/product_tag?post=2838"}],"curies":[{"name":"wp","href":"https:\/\/api.w.org\/{rel}","templated":true}]}}