{"id":2842,"date":"2026-03-16T15:26:05","date_gmt":"2026-03-16T19:26:05","guid":{"rendered":"https:\/\/www.cellierduroi.ca\/?post_type=product&#038;p=2842"},"modified":"2026-04-24T13:32:21","modified_gmt":"2026-04-24T17:32:21","slug":"poisson-du-marche-riz-parfume-et-legumes-rotis-sauce-vierge","status":"publish","type":"product","link":"https:\/\/www.cellierduroi.ca\/en\/produit\/poisson-du-marche-riz-parfume-et-legumes-rotis-sauce-vierge\/","title":{"rendered":"Poisson du march\u00e9, riz parfum\u00e9 et l\u00e9gumes r\u00f4tis, sauce vierge"},"content":{"rendered":"<p>Poisson &#8211; Riz<\/p>\n","protected":false},"excerpt":{"rendered":"<p><strong>Poisson du march\u00e9, riz parfum\u00e9 et l\u00e9gumes r\u00f4tis, sauce vierge &#8211; <\/strong><strong>Poisson du march\u00e9 cuit avec d\u00e9licatesse, servi avec un riz parfum\u00e9 et des l\u00e9gumes r\u00f4tis. Une assiette lumineuse, relev\u00e9e d\u2019une sauce vierge fra\u00eeche et citronn\u00e9e.<\/strong><\/p>\n","protected":false},"featured_media":2843,"template":"","meta":{"_acf_changed":false},"product_brand":[],"product_cat":[71,73],"product_tag":[85],"class_list":{"0":"post-2842","1":"product","2":"type-product","3":"status-publish","4":"has-post-thumbnail","6":"product_cat-plats-prepares","7":"product_cat-plats-principaux","8":"product_tag-plats-prepares","10":"first","11":"instock","12":"taxable","13":"shipping-taxable","14":"purchasable","15":"product-type-simple"},"acf":[],"aioseo_notices":[],"_links":{"self":[{"href":"https:\/\/www.cellierduroi.ca\/en\/wp-json\/wp\/v2\/product\/2842","targetHints":{"allow":["GET"]}}],"collection":[{"href":"https:\/\/www.cellierduroi.ca\/en\/wp-json\/wp\/v2\/product"}],"about":[{"href":"https:\/\/www.cellierduroi.ca\/en\/wp-json\/wp\/v2\/types\/product"}],"wp:featuredmedia":[{"embeddable":true,"href":"https:\/\/www.cellierduroi.ca\/en\/wp-json\/wp\/v2\/media\/2843"}],"wp:attachment":[{"href":"https:\/\/www.cellierduroi.ca\/en\/wp-json\/wp\/v2\/media?parent=2842"}],"wp:term":[{"taxonomy":"product_brand","embeddable":true,"href":"https:\/\/www.cellierduroi.ca\/en\/wp-json\/wp\/v2\/product_brand?post=2842"},{"taxonomy":"product_cat","embeddable":true,"href":"https:\/\/www.cellierduroi.ca\/en\/wp-json\/wp\/v2\/product_cat?post=2842"},{"taxonomy":"product_tag","embeddable":true,"href":"https:\/\/www.cellierduroi.ca\/en\/wp-json\/wp\/v2\/product_tag?post=2842"}],"curies":[{"name":"wp","href":"https:\/\/api.w.org\/{rel}","templated":true}]}}